{"id":2,"date":"2025-12-18T09:00:23","date_gmt":"2025-12-18T09:00:23","guid":{"rendered":"http:\/\/introlog.pl\/?page_id=2"},"modified":"2025-12-22T12:18:29","modified_gmt":"2025-12-22T12:18:29","slug":"sample-page","status":"publish","type":"page","link":"https:\/\/introlog.pl\/index.php\/sample-page\/","title":{"rendered":"O sobie"},"content":{"rendered":"\n<h2 class=\"wp-block-heading has-text-align-center\">O sobie<\/h2>\n\n\n\n<div class=\"wp-block-columns is-layout-flex wp-container-core-columns-is-layout-9d6595d7 wp-block-columns-is-layout-flex\">\n<div class=\"wp-block-column is-layout-flow wp-block-column-is-layout-flow\">\n<p>Aktualnie \u0142\u0105cz\u0119 analiz\u0119 proces\u00f3w biznesowych z prac\u0105 na danych i systemach, tworz\u0105c oraz rozwijaj\u0105c narz\u0119dzia wspieraj\u0105ce efektywne zarz\u0105dzanie organizacj\u0105.<\/p>\n\n\n\n<p><strong>Kim jestem?<\/strong><\/p>\n\n\n\n<p>Jestem specjalist\u0105 z do\u015bwiadczeniem w logistyce i \u0142a\u0144cuchu dostaw, pracuj\u0105cym na styku proces\u00f3w biznesowych i system\u00f3w IT. Na co dzie\u0144 zajmuj\u0119 si\u0119 optymalizacj\u0105 proces\u00f3w operacyjnych, analiz\u0105 dzia\u0142ania firmy oraz tworzeniem i rozwijaniem narz\u0119dzi wspieraj\u0105cych zarz\u0105dzanie. Pracowa\u0142em w \u015brodowisku systemu SAP, gdzie analizowa\u0142em dane, korygowa\u0142em b\u0142\u0119dy systemowe i dba\u0142em o jako\u015b\u0107 informacji operacyjnych. Posiadam solidne podstawy analizy danych w Excelu i stale rozwijam kompetencje w kierunku SAP oraz analityki danych. Moim celem jest dalszy rozw\u00f3j w roli \u0142\u0105cz\u0105cej biznes z technologi\u0105.<\/p>\n<\/div>\n\n\n\n<div class=\"wp-block-column is-layout-flow wp-block-column-is-layout-flow\">\n<div style=\"height:90px\" aria-hidden=\"true\" class=\"wp-block-spacer\"><\/div>\n\n\n\n<figure class=\"wp-block-image size-full\"><img loading=\"lazy\" decoding=\"async\" width=\"876\" height=\"664\" src=\"https:\/\/introlog.pl\/wp-content\/uploads\/2025\/12\/ChatGPT-Image-22-gru-2025-13_15_29.png\" alt=\"\" class=\"wp-image-113\" srcset=\"https:\/\/introlog.pl\/wp-content\/uploads\/2025\/12\/ChatGPT-Image-22-gru-2025-13_15_29.png 876w, https:\/\/introlog.pl\/wp-content\/uploads\/2025\/12\/ChatGPT-Image-22-gru-2025-13_15_29-300x227.png 300w, https:\/\/introlog.pl\/wp-content\/uploads\/2025\/12\/ChatGPT-Image-22-gru-2025-13_15_29-768x582.png 768w\" sizes=\"auto, (max-width: 876px) 100vw, 876px\" \/><\/figure>\n<\/div>\n<\/div>\n","protected":false},"excerpt":{"rendered":"<p>O sobie Aktualnie \u0142\u0105cz\u0119 analiz\u0119 proces\u00f3w biznesowych z prac\u0105 na danych i systemach, tworz\u0105c oraz rozwijaj\u0105c narz\u0119dzia wspieraj\u0105ce efektywne zarz\u0105dzanie organizacj\u0105. Kim jestem? Jestem specjalist\u0105 z do\u015bwiadczeniem w logistyce i \u0142a\u0144cuchu dostaw, pracuj\u0105cym na styku proces\u00f3w biznesowych i system\u00f3w IT. Na co dzie\u0144 zajmuj\u0119 si\u0119 optymalizacj\u0105 proces\u00f3w operacyjnych, analiz\u0105 dzia\u0142ania firmy oraz tworzeniem i rozwijaniem<\/p>\n<div class=\"more-link\">\n\t\t\t\t <a href=\"https:\/\/introlog.pl\/index.php\/sample-page\/\" class=\"link-btn theme-btn\"><span>Read More <\/span> <i class=\"fa fa-caret-right\"><\/i><\/a>\n\t\t\t<\/div>\n","protected":false},"author":1,"featured_media":0,"parent":0,"menu_order":0,"comment_status":"closed","ping_status":"open","template":"","meta":{"footnotes":"[]"},"class_list":["post-2","page","type-page","status-publish","hentry"],"_links":{"self":[{"href":"https:\/\/introlog.pl\/index.php\/wp-json\/wp\/v2\/pages\/2","targetHints":{"allow":["GET"]}}],"collection":[{"href":"https:\/\/introlog.pl\/index.php\/wp-json\/wp\/v2\/pages"}],"about":[{"href":"https:\/\/introlog.pl\/index.php\/wp-json\/wp\/v2\/types\/page"}],"author":[{"embeddable":true,"href":"https:\/\/introlog.pl\/index.php\/wp-json\/wp\/v2\/users\/1"}],"replies":[{"embeddable":true,"href":"https:\/\/introlog.pl\/index.php\/wp-json\/wp\/v2\/comments?post=2"}],"version-history":[{"count":9,"href":"https:\/\/introlog.pl\/index.php\/wp-json\/wp\/v2\/pages\/2\/revisions"}],"predecessor-version":[{"id":116,"href":"https:\/\/introlog.pl\/index.php\/wp-json\/wp\/v2\/pages\/2\/revisions\/116"}],"wp:attachment":[{"href":"https:\/\/introlog.pl\/index.php\/wp-json\/wp\/v2\/media?parent=2"}],"curies":[{"name":"wp","href":"https:\/\/api.w.org\/{rel}","templated":true}]}}