{"id":181,"date":"2025-12-22T14:34:55","date_gmt":"2025-12-22T14:34:55","guid":{"rendered":"https:\/\/introlog.pl\/?page_id=181"},"modified":"2025-12-22T14:35:34","modified_gmt":"2025-12-22T14:35:34","slug":"jak-pracuje-2","status":"publish","type":"page","link":"https:\/\/introlog.pl\/index.php\/jak-pracuje-2\/","title":{"rendered":"Jak pracuj\u0119"},"content":{"rendered":"\n<div class=\"wp-block-columns is-layout-flex wp-container-core-columns-is-layout-9d6595d7 wp-block-columns-is-layout-flex\">\n<div class=\"wp-block-column is-layout-flow wp-block-column-is-layout-flow\"><div class=\"wp-block-image\">\n<figure class=\"aligncenter size-full\"><img loading=\"lazy\" decoding=\"async\" width=\"300\" height=\"451\" src=\"https:\/\/introlog.pl\/wp-content\/uploads\/2025\/12\/analiza-potrzeb.png\" alt=\"\" class=\"wp-image-182\" srcset=\"https:\/\/introlog.pl\/wp-content\/uploads\/2025\/12\/analiza-potrzeb.png 300w, https:\/\/introlog.pl\/wp-content\/uploads\/2025\/12\/analiza-potrzeb-200x300.png 200w\" sizes=\"auto, (max-width: 300px) 100vw, 300px\" \/><\/figure>\n<\/div>\n\n\n<p>Zaczynam od dok\u0142adnego zrozumienia procesu, celu biznesowego i realnych problem\u00f3w operacyjnych. Pracuj\u0119 na danych, rozmawiam z u\u017cytkownikami i identyfikuj\u0119 obszary wymagaj\u0105ce usprawnie\u0144.<\/p>\n<\/div>\n\n\n\n<div class=\"wp-block-column is-layout-flow wp-block-column-is-layout-flow\"><div class=\"wp-block-image\">\n<figure class=\"aligncenter size-full is-resized\"><img loading=\"lazy\" decoding=\"async\" width=\"300\" height=\"450\" src=\"https:\/\/introlog.pl\/wp-content\/uploads\/2025\/12\/planowanie.png\" alt=\"\" class=\"wp-image-183\" style=\"width:300px;height:auto\" srcset=\"https:\/\/introlog.pl\/wp-content\/uploads\/2025\/12\/planowanie.png 300w, https:\/\/introlog.pl\/wp-content\/uploads\/2025\/12\/planowanie-200x300.png 200w\" sizes=\"auto, (max-width: 300px) 100vw, 300px\" \/><\/figure>\n<\/div>\n\n\n<p>Na podstawie analizy tworz\u0119 plan dzia\u0142a\u0144: definiuj\u0119 zakres, priorytety, wska\u017aniki oraz dobieram odpowiednie narz\u0119dzia i rozwi\u0105zania systemowe.<\/p>\n<\/div>\n<\/div>\n\n\n\n<div class=\"wp-block-columns is-layout-flex wp-container-core-columns-is-layout-9d6595d7 wp-block-columns-is-layout-flex\">\n<div class=\"wp-block-column is-layout-flow wp-block-column-is-layout-flow\"><div class=\"wp-block-image\">\n<figure class=\"aligncenter size-full\"><img loading=\"lazy\" decoding=\"async\" width=\"300\" height=\"450\" src=\"https:\/\/introlog.pl\/wp-content\/uploads\/2025\/12\/Wdrozenie.png\" alt=\"\" class=\"wp-image-184\" srcset=\"https:\/\/introlog.pl\/wp-content\/uploads\/2025\/12\/Wdrozenie.png 300w, https:\/\/introlog.pl\/wp-content\/uploads\/2025\/12\/Wdrozenie-200x300.png 200w\" sizes=\"auto, (max-width: 300px) 100vw, 300px\" \/><\/figure>\n<\/div>\n\n\n<p>Realizuj\u0119 zaplanowane dzia\u0142ania, wdra\u017cam rozwi\u0105zania w systemach i narz\u0119dziach oraz dbam o ich poprawne dzia\u0142anie w \u015brodowisku operacyjnym.<\/p>\n<\/div>\n\n\n\n<div class=\"wp-block-column is-layout-flow wp-block-column-is-layout-flow\"><div class=\"wp-block-image\">\n<figure class=\"aligncenter size-full\"><img loading=\"lazy\" decoding=\"async\" width=\"300\" height=\"451\" src=\"https:\/\/introlog.pl\/wp-content\/uploads\/2025\/12\/optymalizacja.png\" alt=\"\" class=\"wp-image-185\" srcset=\"https:\/\/introlog.pl\/wp-content\/uploads\/2025\/12\/optymalizacja.png 300w, https:\/\/introlog.pl\/wp-content\/uploads\/2025\/12\/optymalizacja-200x300.png 200w\" sizes=\"auto, (max-width: 300px) 100vw, 300px\" \/><\/figure>\n<\/div>\n\n\n<p>Analizuj\u0119 efekty, eliminuj\u0119 w\u0105skie gard\u0142a i wprowadzam dalsze usprawnienia, tak aby rozwi\u0105zania by\u0142y skalowalne, stabilne i oparte na danych.<\/p>\n<\/div>\n<\/div>\n","protected":false},"excerpt":{"rendered":"<p>Zaczynam od dok\u0142adnego zrozumienia procesu, celu biznesowego i realnych problem\u00f3w operacyjnych. Pracuj\u0119 na danych, rozmawiam z u\u017cytkownikami i identyfikuj\u0119 obszary wymagaj\u0105ce usprawnie\u0144. Na podstawie analizy tworz\u0119 plan dzia\u0142a\u0144: definiuj\u0119 zakres, priorytety, wska\u017aniki oraz dobieram odpowiednie narz\u0119dzia i rozwi\u0105zania systemowe. Realizuj\u0119 zaplanowane dzia\u0142ania, wdra\u017cam rozwi\u0105zania w systemach i narz\u0119dziach oraz dbam o ich poprawne dzia\u0142anie w<\/p>\n<div class=\"more-link\">\n\t\t\t\t <a href=\"https:\/\/introlog.pl\/index.php\/jak-pracuje-2\/\" class=\"link-btn theme-btn\"><span>Read More <\/span> <i class=\"fa fa-caret-right\"><\/i><\/a>\n\t\t\t<\/div>\n","protected":false},"author":1,"featured_media":0,"parent":0,"menu_order":0,"comment_status":"closed","ping_status":"closed","template":"","meta":{"footnotes":""},"class_list":["post-181","page","type-page","status-publish","hentry"],"_links":{"self":[{"href":"https:\/\/introlog.pl\/index.php\/wp-json\/wp\/v2\/pages\/181","targetHints":{"allow":["GET"]}}],"collection":[{"href":"https:\/\/introlog.pl\/index.php\/wp-json\/wp\/v2\/pages"}],"about":[{"href":"https:\/\/introlog.pl\/index.php\/wp-json\/wp\/v2\/types\/page"}],"author":[{"embeddable":true,"href":"https:\/\/introlog.pl\/index.php\/wp-json\/wp\/v2\/users\/1"}],"replies":[{"embeddable":true,"href":"https:\/\/introlog.pl\/index.php\/wp-json\/wp\/v2\/comments?post=181"}],"version-history":[{"count":2,"href":"https:\/\/introlog.pl\/index.php\/wp-json\/wp\/v2\/pages\/181\/revisions"}],"predecessor-version":[{"id":188,"href":"https:\/\/introlog.pl\/index.php\/wp-json\/wp\/v2\/pages\/181\/revisions\/188"}],"wp:attachment":[{"href":"https:\/\/introlog.pl\/index.php\/wp-json\/wp\/v2\/media?parent=181"}],"curies":[{"name":"wp","href":"https:\/\/api.w.org\/{rel}","templated":true}]}}