{"id":160,"date":"2025-12-22T13:53:07","date_gmt":"2025-12-22T13:53:07","guid":{"rendered":"https:\/\/introlog.pl\/?page_id=160"},"modified":"2025-12-22T14:41:36","modified_gmt":"2025-12-22T14:41:36","slug":"umiejetnosci-2","status":"publish","type":"page","link":"https:\/\/introlog.pl\/index.php\/umiejetnosci-2\/","title":{"rendered":"Umiej\u0119tno\u015bci"},"content":{"rendered":"\n<div class=\"wp-block-columns is-layout-flex wp-container-core-columns-is-layout-9d6595d7 wp-block-columns-is-layout-flex\">\n<div class=\"wp-block-column is-layout-flow wp-block-column-is-layout-flow\"><div class=\"wp-block-image\">\n<figure class=\"aligncenter size-full\"><img loading=\"lazy\" decoding=\"async\" width=\"400\" height=\"400\" src=\"https:\/\/introlog.pl\/wp-content\/uploads\/2025\/12\/procesy.png\" alt=\"\" class=\"wp-image-161\" srcset=\"https:\/\/introlog.pl\/wp-content\/uploads\/2025\/12\/procesy.png 400w, https:\/\/introlog.pl\/wp-content\/uploads\/2025\/12\/procesy-300x300.png 300w, https:\/\/introlog.pl\/wp-content\/uploads\/2025\/12\/procesy-150x150.png 150w\" sizes=\"auto, (max-width: 400px) 100vw, 400px\" \/><\/figure>\n<\/div>\n\n\n<ul class=\"wp-block-list\">\n<li>Analiza i optymalizacja proces\u00f3w logistycznych i magazynowych<\/li>\n\n\n\n<li>Zarz\u0105dzanie przep\u0142ywem materia\u0142\u00f3w i zapas\u00f3w (magazyn, produkcja, dostawy)<\/li>\n\n\n\n<li>Kontrola i poprawa jako\u015bci danych procesowych w systemach ERP (SAP)<\/li>\n\n\n\n<li>Mapowanie proces\u00f3w operacyjnych i identyfikacja w\u0105skich garde\u0142<\/li>\n\n\n\n<li>Usprawnianie proces\u00f3w raportowania i kontroli operacyjnej<\/li>\n\n\n\n<li>Standaryzacja pracy operacyjnej oraz zasad raportowania<\/li>\n\n\n\n<li>Wdra\u017canie prostych narz\u0119dzi wspieraj\u0105cych zarz\u0105dzanie procesami<\/li>\n\n\n\n<li>Wsp\u00f3\u0142praca z zespo\u0142ami operacyjnymi w celu poprawy efektywno\u015bci pracy<\/li>\n<\/ul>\n<\/div>\n\n\n\n<div class=\"wp-block-column is-layout-flow wp-block-column-is-layout-flow\"><div class=\"wp-block-image\">\n<figure class=\"aligncenter size-full\"><img loading=\"lazy\" decoding=\"async\" width=\"400\" height=\"400\" src=\"https:\/\/introlog.pl\/wp-content\/uploads\/2025\/12\/Systemy-i-narzedzia.png\" alt=\"\" class=\"wp-image-162\" srcset=\"https:\/\/introlog.pl\/wp-content\/uploads\/2025\/12\/Systemy-i-narzedzia.png 400w, https:\/\/introlog.pl\/wp-content\/uploads\/2025\/12\/Systemy-i-narzedzia-300x300.png 300w, https:\/\/introlog.pl\/wp-content\/uploads\/2025\/12\/Systemy-i-narzedzia-150x150.png 150w\" sizes=\"auto, (max-width: 400px) 100vw, 400px\" \/><\/figure>\n<\/div>\n\n\n<ul class=\"wp-block-list\">\n<li>SAP (MM \/ WM) \u2013 praca operacyjna, kontrola danych, korekta b\u0142\u0119d\u00f3w<\/li>\n\n\n\n<li>Analiza danych systemowych i ich wykorzystanie w decyzjach biznesowych<\/li>\n\n\n\n<li>Tworzenie dokumentacji procesowej i zasad pracy z systemem<\/li>\n<\/ul>\n<\/div>\n<\/div>\n\n\n\n<div class=\"wp-block-columns is-layout-flex wp-container-core-columns-is-layout-9d6595d7 wp-block-columns-is-layout-flex\">\n<div class=\"wp-block-column is-layout-flow wp-block-column-is-layout-flow\"><div class=\"wp-block-image\">\n<figure class=\"aligncenter size-full\"><img loading=\"lazy\" decoding=\"async\" width=\"400\" height=\"400\" src=\"https:\/\/introlog.pl\/wp-content\/uploads\/2025\/12\/dane-i-raportowanie.png\" alt=\"\" class=\"wp-image-163\" srcset=\"https:\/\/introlog.pl\/wp-content\/uploads\/2025\/12\/dane-i-raportowanie.png 400w, https:\/\/introlog.pl\/wp-content\/uploads\/2025\/12\/dane-i-raportowanie-300x300.png 300w, https:\/\/introlog.pl\/wp-content\/uploads\/2025\/12\/dane-i-raportowanie-150x150.png 150w\" sizes=\"auto, (max-width: 400px) 100vw, 400px\" \/><\/figure>\n<\/div>\n\n\n<ul class=\"wp-block-list\">\n<li>Excel \u2013 tabele przestawne, funkcje logiczne, raporty cykliczne<\/li>\n\n\n\n<li>Przygotowywanie raport\u00f3w efektywno\u015bci pracy<\/li>\n\n\n\n<li>Raportowanie koszt\u00f3w i danych operacyjnych<\/li>\n\n\n\n<li>Przekszta\u0142canie danych systemowych w czytelne zestawienia<\/li>\n<\/ul>\n<\/div>\n\n\n\n<div class=\"wp-block-column is-layout-flow wp-block-column-is-layout-flow\"><div class=\"wp-block-image\">\n<figure class=\"aligncenter size-full\"><img loading=\"lazy\" decoding=\"async\" width=\"500\" height=\"400\" src=\"https:\/\/introlog.pl\/wp-content\/uploads\/2025\/12\/Organizacja-i-zarzadzanie.png\" alt=\"\" class=\"wp-image-164\" srcset=\"https:\/\/introlog.pl\/wp-content\/uploads\/2025\/12\/Organizacja-i-zarzadzanie.png 500w, https:\/\/introlog.pl\/wp-content\/uploads\/2025\/12\/Organizacja-i-zarzadzanie-300x240.png 300w\" sizes=\"auto, (max-width: 500px) 100vw, 500px\" \/><\/figure>\n<\/div>\n\n\n<ul class=\"wp-block-list\">\n<li>Tworzenie narz\u0119dzi wspieraj\u0105cych zarz\u0105dzanie operacyjne<\/li>\n\n\n\n<li>Porz\u0105dkowanie struktur organizacyjnych i zakres\u00f3w odpowiedzialno\u015bci<\/li>\n\n\n\n<li>Wdra\u017canie prostych zasad raportowania i komunikacji<\/li>\n\n\n\n<li>Wsp\u00f3\u0142praca z zespo\u0142ami operacyjnymi i kadr\u0105 zarz\u0105dzaj\u0105c\u0105<\/li>\n<\/ul>\n<\/div>\n<\/div>\n","protected":false},"excerpt":{"rendered":"","protected":false},"author":1,"featured_media":0,"parent":0,"menu_order":0,"comment_status":"closed","ping_status":"closed","template":"","meta":{"footnotes":""},"class_list":["post-160","page","type-page","status-publish","hentry"],"_links":{"self":[{"href":"https:\/\/introlog.pl\/index.php\/wp-json\/wp\/v2\/pages\/160","targetHints":{"allow":["GET"]}}],"collection":[{"href":"https:\/\/introlog.pl\/index.php\/wp-json\/wp\/v2\/pages"}],"about":[{"href":"https:\/\/introlog.pl\/index.php\/wp-json\/wp\/v2\/types\/page"}],"author":[{"embeddable":true,"href":"https:\/\/introlog.pl\/index.php\/wp-json\/wp\/v2\/users\/1"}],"replies":[{"embeddable":true,"href":"https:\/\/introlog.pl\/index.php\/wp-json\/wp\/v2\/comments?post=160"}],"version-history":[{"count":4,"href":"https:\/\/introlog.pl\/index.php\/wp-json\/wp\/v2\/pages\/160\/revisions"}],"predecessor-version":[{"id":197,"href":"https:\/\/introlog.pl\/index.php\/wp-json\/wp\/v2\/pages\/160\/revisions\/197"}],"wp:attachment":[{"href":"https:\/\/introlog.pl\/index.php\/wp-json\/wp\/v2\/media?parent=160"}],"curies":[{"name":"wp","href":"https:\/\/api.w.org\/{rel}","templated":true}]}}