{"id":135,"date":"2025-12-22T13:22:19","date_gmt":"2025-12-22T13:22:19","guid":{"rendered":"https:\/\/introlog.pl\/?page_id=135"},"modified":"2025-12-22T13:22:19","modified_gmt":"2025-12-22T13:22:19","slug":"wiecej-przykladow","status":"publish","type":"page","link":"https:\/\/introlog.pl\/index.php\/wiecej-przykladow\/","title":{"rendered":"Wi\u0119cej przyk\u0142ad\u00f3w"},"content":{"rendered":"\n<div class=\"wp-block-columns is-layout-flex wp-container-core-columns-is-layout-9d6595d7 wp-block-columns-is-layout-flex\">\n<div class=\"wp-block-column is-layout-flow wp-block-column-is-layout-flow\">\n<figure class=\"wp-block-image size-full\"><img loading=\"lazy\" decoding=\"async\" width=\"400\" height=\"400\" src=\"https:\/\/introlog.pl\/wp-content\/uploads\/2025\/12\/lupa.png\" alt=\"\" class=\"wp-image-136\" srcset=\"https:\/\/introlog.pl\/wp-content\/uploads\/2025\/12\/lupa.png 400w, https:\/\/introlog.pl\/wp-content\/uploads\/2025\/12\/lupa-300x300.png 300w, https:\/\/introlog.pl\/wp-content\/uploads\/2025\/12\/lupa-150x150.png 150w\" sizes=\"auto, (max-width: 400px) 100vw, 400px\" \/><\/figure>\n\n\n\n<h2 class=\"wp-block-heading has-text-align-center\"><strong>Raportowanie koszt\u00f3w i uporz\u0105dkowanie komunikacji operacyjnej<\/strong><\/h2>\n\n\n\n<p><strong>Kontekst<\/strong><\/p>\n\n\n\n<p>W firmie funkcjonowa\u0142a flota samochod\u00f3w realizuj\u0105cych codzienne zadania operacyjne. Mimo rosn\u0105cej skali dzia\u0142alno\u015bci brakowa\u0142o narz\u0119dzi umo\u017cliwiaj\u0105cych bie\u017c\u0105ce monitorowanie koszt\u00f3w, efektywno\u015bci pojazd\u00f3w oraz uporz\u0105dkowanej komunikacji wewn\u0119trznej. Organizacja opiera\u0142a si\u0119 g\u0142\u00f3wnie na ustnych ustaleniach, co utrudnia\u0142o zarz\u0105dzanie i kontrol\u0119 proces\u00f3w.<\/p>\n\n\n\n<p><strong>Problem<\/strong><\/p>\n\n\n\n<ul class=\"wp-block-list\">\n<li>Brak systemowego sposobu \u015bledzenia koszt\u00f3w oraz wynik\u00f3w finansowych poszczeg\u00f3lnych pojazd\u00f3w<\/li>\n\n\n\n<li>Brak informacji, gdzie dany samoch\u00f3d si\u0119 znajduje i jakie zadania realizuje<\/li>\n\n\n\n<li>Chaotyczna komunikacja \u2014 zadania przekazywane ustnie by\u0142y zapominane lub ignorowane<\/li>\n\n\n\n<li>Brak jasno okre\u015blonej struktury organizacyjnej i odpowiedzialno\u015bci decyzyjnej<\/li>\n\n\n\n<li>Ograniczona mo\u017cliwo\u015b\u0107 analizy danych i podejmowania decyzji opartych na faktach<\/li>\n<\/ul>\n\n\n\n<p><strong>Rozwi\u0105zanie<\/strong><\/p>\n\n\n\n<ul class=\"wp-block-list\">\n<li>Stworzenie\u00a0<strong>prostego i czytelnego narz\u0119dzia w Excelu<\/strong>, umo\u017cliwiaj\u0105cego:\n<ul class=\"wp-block-list\">\n<li>codzienne raportowanie koszt\u00f3w ka\u017cdego samochodu,<\/li>\n\n\n\n<li>rejestrowanie realizowanych tras i aktywno\u015bci,<\/li>\n\n\n\n<li>bie\u017c\u0105c\u0105 analiz\u0119 efektywno\u015bci floty.<\/li>\n<\/ul>\n<\/li>\n\n\n\n<li>Opracowanie\u00a0<strong>schematu organizacyjnego<\/strong>\u00a0i uporz\u0105dkowanie hierarchii raportowania<\/li>\n\n\n\n<li>Wdro\u017cenie\u00a0<strong>komunikacji mailowej<\/strong>\u00a0jako podstawowego kana\u0142u przydzielania zada\u0144<\/li>\n<\/ul>\n\n\n\n<p><strong>Efekt<\/strong><\/p>\n\n\n\n<ul class=\"wp-block-list\">\n<li>Pe\u0142na i mierzalna kontrola koszt\u00f3w oraz efektywno\u015bci pracy floty<\/li>\n\n\n\n<li>Zwi\u0119kszenie transparentno\u015bci proces\u00f3w operacyjnych i finansowych<\/li>\n\n\n\n<li>Uporz\u0105dkowanie komunikacji wewn\u0119trznej i ograniczenie chaosu informacyjnego<\/li>\n\n\n\n<li>Jasny podzia\u0142 odpowiedzialno\u015bci i lepsze zarz\u0105dzanie zespo\u0142em<\/li>\n<\/ul>\n<\/div>\n\n\n\n<div class=\"wp-block-column is-layout-flow wp-block-column-is-layout-flow\"><\/div>\n\n\n\n<div class=\"wp-block-column is-layout-flow wp-block-column-is-layout-flow\"><\/div>\n<\/div>\n","protected":false},"excerpt":{"rendered":"<p>Raportowanie koszt\u00f3w i uporz\u0105dkowanie komunikacji operacyjnej Kontekst W firmie funkcjonowa\u0142a flota samochod\u00f3w realizuj\u0105cych codzienne zadania operacyjne. Mimo rosn\u0105cej skali dzia\u0142alno\u015bci brakowa\u0142o narz\u0119dzi umo\u017cliwiaj\u0105cych bie\u017c\u0105ce monitorowanie koszt\u00f3w, efektywno\u015bci pojazd\u00f3w oraz uporz\u0105dkowanej komunikacji wewn\u0119trznej. Organizacja opiera\u0142a si\u0119 g\u0142\u00f3wnie na ustnych ustaleniach, co utrudnia\u0142o zarz\u0105dzanie i kontrol\u0119 proces\u00f3w. Problem Rozwi\u0105zanie Efekt<\/p>\n","protected":false},"author":1,"featured_media":0,"parent":0,"menu_order":0,"comment_status":"closed","ping_status":"closed","template":"","meta":{"footnotes":""},"class_list":["post-135","page","type-page","status-publish","hentry"],"_links":{"self":[{"href":"https:\/\/introlog.pl\/index.php\/wp-json\/wp\/v2\/pages\/135","targetHints":{"allow":["GET"]}}],"collection":[{"href":"https:\/\/introlog.pl\/index.php\/wp-json\/wp\/v2\/pages"}],"about":[{"href":"https:\/\/introlog.pl\/index.php\/wp-json\/wp\/v2\/types\/page"}],"author":[{"embeddable":true,"href":"https:\/\/introlog.pl\/index.php\/wp-json\/wp\/v2\/users\/1"}],"replies":[{"embeddable":true,"href":"https:\/\/introlog.pl\/index.php\/wp-json\/wp\/v2\/comments?post=135"}],"version-history":[{"count":1,"href":"https:\/\/introlog.pl\/index.php\/wp-json\/wp\/v2\/pages\/135\/revisions"}],"predecessor-version":[{"id":138,"href":"https:\/\/introlog.pl\/index.php\/wp-json\/wp\/v2\/pages\/135\/revisions\/138"}],"wp:attachment":[{"href":"https:\/\/introlog.pl\/index.php\/wp-json\/wp\/v2\/media?parent=135"}],"curies":[{"name":"wp","href":"https:\/\/api.w.org\/{rel}","templated":true}]}}