{"id":119,"date":"2025-12-22T12:53:56","date_gmt":"2025-12-22T12:53:56","guid":{"rendered":"https:\/\/introlog.pl\/?page_id=119"},"modified":"2025-12-22T14:44:50","modified_gmt":"2025-12-22T14:44:50","slug":"case-studies-3","status":"publish","type":"page","link":"https:\/\/introlog.pl\/index.php\/case-studies-3\/","title":{"rendered":"Case studies"},"content":{"rendered":"\n<h2 class=\"wp-block-heading has-text-align-center\">Case studies<\/h2>\n\n\n\n<div class=\"wp-block-columns is-layout-flex wp-container-core-columns-is-layout-9d6595d7 wp-block-columns-is-layout-flex\">\n<div class=\"wp-block-column is-layout-flow wp-block-column-is-layout-flow\">\n<figure class=\"wp-block-image size-full\"><img loading=\"lazy\" decoding=\"async\" width=\"400\" height=\"400\" src=\"https:\/\/introlog.pl\/wp-content\/uploads\/2025\/12\/sap.png\" alt=\"\" class=\"wp-image-120\" srcset=\"https:\/\/introlog.pl\/wp-content\/uploads\/2025\/12\/sap.png 400w, https:\/\/introlog.pl\/wp-content\/uploads\/2025\/12\/sap-300x300.png 300w, https:\/\/introlog.pl\/wp-content\/uploads\/2025\/12\/sap-150x150.png 150w\" sizes=\"auto, (max-width: 400px) 100vw, 400px\" \/><\/figure>\n\n\n\n<h2 class=\"wp-block-heading has-text-align-center\"><strong>Poprawa kontroli efektywno\u015bci pracy magazynu (SAP + Excel)<\/strong><\/h2>\n\n\n\n<p><strong>Kontekst<\/strong><\/p>\n\n\n\n<p>W organizacji brakowa\u0142o rzetelnego i mierzalnego sposobu kontroli pracy magazynu. Ocena efektywno\u015bci pracownik\u00f3w opiera\u0142a si\u0119 g\u0142\u00f3wnie na obserwacjach i subiektywnych odczuciach, bez wsparcia danymi systemowymi.<\/p>\n\n\n\n<p><strong>Problem<\/strong><\/p>\n\n\n\n<ul class=\"wp-block-list\">\n<li>brak sp\u00f3jnych danych dotycz\u0105cych wykonanej pracy<\/li>\n\n\n\n<li>brak przejrzystych raport\u00f3w dla kadry zarz\u0105dzaj\u0105cej<\/li>\n\n\n\n<li>trudno\u015b\u0107 w identyfikacji nieefektywno\u015bci i w\u0105skich garde\u0142<\/li>\n<\/ul>\n\n\n\n<p><strong>Rozwi\u0105zanie<\/strong><\/p>\n\n\n\n<ul class=\"wp-block-list\">\n<li>wyeksportowanie danych z systemu SAP ze wszystkich proces\u00f3w magazynowych<\/li>\n\n\n\n<li>konwersja danych do Excela i uporz\u0105dkowanie ich w czytelnej formie<\/li>\n\n\n\n<li>stworzenie cotygodniowych raport\u00f3w prezentuj\u0105cych realn\u0105 efektywno\u015b\u0107 pracy<\/li>\n\n\n\n<li>regularne raportowanie wynik\u00f3w do prze\u0142o\u017conego<\/li>\n<\/ul>\n\n\n\n<p><strong>Efekt<\/strong><\/p>\n\n\n\n<ul class=\"wp-block-list\">\n<li>zapewnienie rzetelnej i mierzalnej kontroli efektywno\u015bci pracy magazynu<\/li>\n\n\n\n<li>zwi\u0119kszenie transparentno\u015bci proces\u00f3w operacyjnych<\/li>\n\n\n\n<li>mo\u017cliwo\u015b\u0107 podejmowania decyzji na podstawie danych, a nie subiektywnych ocen<\/li>\n\n\n\n<li>szybsza identyfikacja problem\u00f3w operacyjnych<\/li>\n\n\n\n<li>usprawnienie komunikacji mi\u0119dzy magazynem a kadr\u0105 zarz\u0105dzaj\u0105c\u0105<\/li>\n<\/ul>\n<\/div>\n\n\n\n<div class=\"wp-block-column is-layout-flow wp-block-column-is-layout-flow\">\n<figure class=\"wp-block-image size-full\"><img loading=\"lazy\" decoding=\"async\" width=\"400\" height=\"400\" src=\"https:\/\/introlog.pl\/wp-content\/uploads\/2025\/12\/magazyn.png\" alt=\"\" class=\"wp-image-121\" srcset=\"https:\/\/introlog.pl\/wp-content\/uploads\/2025\/12\/magazyn.png 400w, https:\/\/introlog.pl\/wp-content\/uploads\/2025\/12\/magazyn-300x300.png 300w, https:\/\/introlog.pl\/wp-content\/uploads\/2025\/12\/magazyn-150x150.png 150w\" sizes=\"auto, (max-width: 400px) 100vw, 400px\" \/><\/figure>\n\n\n\n<h2 class=\"wp-block-heading has-text-align-center\"><strong><strong>Optymalizacja zarz\u0105dzania opakowaniami magazynowymi<\/strong><\/strong><\/h2>\n\n\n\n<p><strong>Kontekst<\/strong><\/p>\n\n\n\n<p>Zarz\u0105dzanie opakowaniami z tektury falistej by\u0142o prowadzone bez analizy danych i regularnej kontroli stan\u00f3w magazynowych, co powodowa\u0142o nadmiar zapas\u00f3w, chaos magazynowy i problemy operacyjne.<\/p>\n\n\n\n<p><strong>Problem<\/strong><\/p>\n\n\n\n<ul class=\"wp-block-list\">\n<li>zam\u00f3wienia opakowa\u0144 sk\u0142adane bez oparcia o dane<\/li>\n\n\n\n<li>brak cyklicznej kontroli stan\u00f3w magazynowych<\/li>\n\n\n\n<li>przepe\u0142nienie magazynu i brak miejsca<\/li>\n\n\n\n<li>rozbie\u017cno\u015bci pomi\u0119dzy stanem fizycznym a systemowym<\/li>\n<\/ul>\n\n\n\n<p><strong>Rozwi\u0105zanie<\/strong><\/p>\n\n\n\n<ul class=\"wp-block-list\">\n<li>uporz\u0105dkowanie strefy magazynowej opakowa\u0144<\/li>\n\n\n\n<li>doprowadzenie do zgodno\u015bci: <strong>stan faktyczny = stan systemowy (SAP)<\/strong><\/li>\n\n\n\n<li>zmiana modelu zamawiania z miesi\u0119cznego na bie\u017c\u0105cy<\/li>\n\n\n\n<li>ustalenie czas\u00f3w realizacji z dostawc\u0105<\/li>\n\n\n\n<li>codzienna kontrola stan\u00f3w i zamawianie wy\u0142\u0105cznie na podstawie danych systemowych<\/li>\n<\/ul>\n\n\n\n<p><strong>Efekt<\/strong><\/p>\n\n\n\n<ul class=\"wp-block-list\">\n<li>oszcz\u0119dno\u015b\u0107 czasu pracy magazynier\u00f3w<\/li>\n\n\n\n<li>lepsze wykorzystanie przestrzeni magazynowej<\/li>\n\n\n\n<li>brak zamro\u017conych \u015brodk\u00f3w finansowych w nadmiarowych zapasach<\/li>\n\n\n\n<li>eliminacja strat przy zamykaniu projekt\u00f3w<\/li>\n\n\n\n<li>stabilny i przewidywalny proces zarz\u0105dzania opakowaniami<\/li>\n<\/ul>\n<\/div>\n\n\n\n<div class=\"wp-block-column is-layout-flow wp-block-column-is-layout-flow\">\n<figure class=\"wp-block-image size-full\"><img loading=\"lazy\" decoding=\"async\" width=\"399\" height=\"400\" src=\"https:\/\/introlog.pl\/wp-content\/uploads\/2025\/12\/trybik.png\" alt=\"\" class=\"wp-image-122\" srcset=\"https:\/\/introlog.pl\/wp-content\/uploads\/2025\/12\/trybik.png 399w, https:\/\/introlog.pl\/wp-content\/uploads\/2025\/12\/trybik-300x300.png 300w, https:\/\/introlog.pl\/wp-content\/uploads\/2025\/12\/trybik-150x150.png 150w\" sizes=\"auto, (max-width: 399px) 100vw, 399px\" \/><\/figure>\n\n\n\n<h2 class=\"wp-block-heading has-text-align-center\"><strong>Poprawa jako\u015bci \u015bledzenia partii towaru w systemie SAP<\/strong><\/h2>\n\n\n\n<p><strong>Kontekst<\/strong><\/p>\n\n\n\n<p>Pomimo funkcjonuj\u0105cego systemu SAP, proces przepakowywania i zwrot\u00f3w z produkcji powodowa\u0142 utrat\u0119 sp\u00f3jno\u015bci danych dotycz\u0105cych partii towar\u00f3w, co generowa\u0142o problemy przy reklamacjach i analizie historii produktu.<\/p>\n\n\n\n<p><strong>Problem<\/strong><\/p>\n\n\n\n<ul class=\"wp-block-list\">\n<li>nieprawid\u0142owe przypisywanie partii przy przepakowywaniu<\/li>\n\n\n\n<li>zwroty z produkcji trafiaj\u0105ce na magazyn pod innymi partiami<\/li>\n\n\n\n<li>brak mo\u017cliwo\u015bci pe\u0142nego \u015bledzenia historii towaru w SAP<\/li>\n<\/ul>\n\n\n\n<p><strong>Rozwi\u0105zanie<\/strong><\/p>\n\n\n\n<ul class=\"wp-block-list\">\n<li>przeprowadzenie szkole\u0144 dla pracownik\u00f3w magazynu<\/li>\n\n\n\n<li>ujednolicenie zasad: partia towaru pozostaje niezmienna od przyj\u0119cia do zu\u017cycia<\/li>\n\n\n\n<li>przej\u0119cie kontroli nad procesem zwrot\u00f3w z produkcji<\/li>\n\n\n\n<li>uporz\u0105dkowanie proces\u00f3w systemowych w SAP<\/li>\n<\/ul>\n\n\n\n<p><strong>Efekt<\/strong><\/p>\n\n\n\n<ul class=\"wp-block-list\">\n<li>poprawa jako\u015bci danych w systemie SAP<\/li>\n\n\n\n<li>mo\u017cliwo\u015b\u0107 pe\u0142nego \u015bledzenia historii partii towaru<\/li>\n\n\n\n<li>usprawnienie procesu reklamacji<\/li>\n\n\n\n<li>zwi\u0119kszenie zaufania do danych systemowych<\/li>\n\n\n\n<li>ograniczenie b\u0142\u0119d\u00f3w operacyjnych<\/li>\n<\/ul>\n\n\n\n<p><\/p>\n<\/div>\n<\/div>\n","protected":false},"excerpt":{"rendered":"<p>Case studies Poprawa kontroli efektywno\u015bci pracy magazynu (SAP + Excel) Kontekst W organizacji brakowa\u0142o rzetelnego i mierzalnego sposobu kontroli pracy magazynu. Ocena efektywno\u015bci pracownik\u00f3w opiera\u0142a si\u0119 g\u0142\u00f3wnie na obserwacjach i subiektywnych odczuciach, bez wsparcia danymi systemowymi. Problem Rozwi\u0105zanie Efekt Optymalizacja zarz\u0105dzania opakowaniami magazynowymi Kontekst Zarz\u0105dzanie opakowaniami z tektury falistej by\u0142o prowadzone bez analizy danych i<\/p>\n<div class=\"more-link\">\n\t\t\t\t <a href=\"https:\/\/introlog.pl\/index.php\/case-studies-3\/\" class=\"link-btn theme-btn\"><span>Read More <\/span> <i class=\"fa fa-caret-right\"><\/i><\/a>\n\t\t\t<\/div>\n","protected":false},"author":1,"featured_media":0,"parent":0,"menu_order":0,"comment_status":"closed","ping_status":"closed","template":"","meta":{"footnotes":""},"class_list":["post-119","page","type-page","status-publish","hentry"],"_links":{"self":[{"href":"https:\/\/introlog.pl\/index.php\/wp-json\/wp\/v2\/pages\/119","targetHints":{"allow":["GET"]}}],"collection":[{"href":"https:\/\/introlog.pl\/index.php\/wp-json\/wp\/v2\/pages"}],"about":[{"href":"https:\/\/introlog.pl\/index.php\/wp-json\/wp\/v2\/types\/page"}],"author":[{"embeddable":true,"href":"https:\/\/introlog.pl\/index.php\/wp-json\/wp\/v2\/users\/1"}],"replies":[{"embeddable":true,"href":"https:\/\/introlog.pl\/index.php\/wp-json\/wp\/v2\/comments?post=119"}],"version-history":[{"count":4,"href":"https:\/\/introlog.pl\/index.php\/wp-json\/wp\/v2\/pages\/119\/revisions"}],"predecessor-version":[{"id":203,"href":"https:\/\/introlog.pl\/index.php\/wp-json\/wp\/v2\/pages\/119\/revisions\/203"}],"wp:attachment":[{"href":"https:\/\/introlog.pl\/index.php\/wp-json\/wp\/v2\/media?parent=119"}],"curies":[{"name":"wp","href":"https:\/\/api.w.org\/{rel}","templated":true}]}}