{"id":100,"date":"2025-12-22T11:39:15","date_gmt":"2025-12-22T11:39:15","guid":{"rendered":"https:\/\/introlog.pl\/?page_id=100"},"modified":"2025-12-22T12:00:32","modified_gmt":"2025-12-22T12:00:32","slug":"witam","status":"publish","type":"page","link":"https:\/\/introlog.pl\/","title":{"rendered":"Witam!"},"content":{"rendered":"\n<h2 class=\"wp-block-heading\">Witam!<\/h2>\n\n\n\n<div class=\"wp-block-columns is-layout-flex wp-container-core-columns-is-layout-9d6595d7 wp-block-columns-is-layout-flex\">\n<div class=\"wp-block-column is-layout-flow wp-block-column-is-layout-flow\">\n<div style=\"height:50px\" aria-hidden=\"true\" class=\"wp-block-spacer\"><\/div>\n\n\n\n<p>Witam na introlog.pl \u2014 miejscu, w kt\u00f3rym pokazuj\u0119 praktyczne podej\u015bcie do \u0142\u0105czenia proces\u00f3w biznesowych z danymi i systemami IT. Znajdziesz tu case studies oparte na realnych projektach z obszaru SAP, logistyki i analityki danych<\/p>\n<\/div>\n\n\n\n<div class=\"wp-block-column is-layout-flow wp-block-column-is-layout-flow\">\n<figure class=\"wp-block-image size-large\"><img loading=\"lazy\" decoding=\"async\" width=\"1024\" height=\"533\" src=\"https:\/\/introlog.pl\/wp-content\/uploads\/2025\/12\/ChatGPT-Image-22-gru-2025-10_19_52-5-1024x533.png\" alt=\"\" class=\"wp-image-101\" srcset=\"https:\/\/introlog.pl\/wp-content\/uploads\/2025\/12\/ChatGPT-Image-22-gru-2025-10_19_52-5-1024x533.png 1024w, https:\/\/introlog.pl\/wp-content\/uploads\/2025\/12\/ChatGPT-Image-22-gru-2025-10_19_52-5-300x156.png 300w, https:\/\/introlog.pl\/wp-content\/uploads\/2025\/12\/ChatGPT-Image-22-gru-2025-10_19_52-5-768x399.png 768w, https:\/\/introlog.pl\/wp-content\/uploads\/2025\/12\/ChatGPT-Image-22-gru-2025-10_19_52-5.png 1269w\" sizes=\"auto, (max-width: 1024px) 100vw, 1024px\" \/><\/figure>\n<\/div>\n<\/div>\n","protected":false},"excerpt":{"rendered":"<p>Witam! Witam na introlog.pl \u2014 miejscu, w kt\u00f3rym pokazuj\u0119 praktyczne podej\u015bcie do \u0142\u0105czenia proces\u00f3w biznesowych z danymi i systemami IT. Znajdziesz tu case studies oparte na realnych projektach z obszaru SAP, logistyki i analityki danych<\/p>\n","protected":false},"author":1,"featured_media":0,"parent":0,"menu_order":0,"comment_status":"closed","ping_status":"closed","template":"","meta":{"footnotes":""},"class_list":["post-100","page","type-page","status-publish","hentry"],"_links":{"self":[{"href":"https:\/\/introlog.pl\/index.php\/wp-json\/wp\/v2\/pages\/100","targetHints":{"allow":["GET"]}}],"collection":[{"href":"https:\/\/introlog.pl\/index.php\/wp-json\/wp\/v2\/pages"}],"about":[{"href":"https:\/\/introlog.pl\/index.php\/wp-json\/wp\/v2\/types\/page"}],"author":[{"embeddable":true,"href":"https:\/\/introlog.pl\/index.php\/wp-json\/wp\/v2\/users\/1"}],"replies":[{"embeddable":true,"href":"https:\/\/introlog.pl\/index.php\/wp-json\/wp\/v2\/comments?post=100"}],"version-history":[{"count":4,"href":"https:\/\/introlog.pl\/index.php\/wp-json\/wp\/v2\/pages\/100\/revisions"}],"predecessor-version":[{"id":112,"href":"https:\/\/introlog.pl\/index.php\/wp-json\/wp\/v2\/pages\/100\/revisions\/112"}],"wp:attachment":[{"href":"https:\/\/introlog.pl\/index.php\/wp-json\/wp\/v2\/media?parent=100"}],"curies":[{"name":"wp","href":"https:\/\/api.w.org\/{rel}","templated":true}]}}